{"id":85,"date":"2023-08-10T18:01:07","date_gmt":"2023-08-10T16:01:07","guid":{"rendered":"https:\/\/www.santuariomadonnadellaltoalcamo.it\/?page_id=85"},"modified":"2025-01-15T18:02:27","modified_gmt":"2025-01-15T17:02:27","slug":"elementor-85","status":"publish","type":"page","link":"https:\/\/www.santuariomadonnadellaltoalcamo.it\/","title":{"rendered":"Home"},"content":{"rendered":"\t\t<div data-elementor-type=\"wp-page\" data-elementor-id=\"85\" class=\"elementor elementor-85\" data-elementor-post-type=\"page\">\n\t\t\t\t<div class=\"elementor-element elementor-element-4cf3765 e-con-full e-flex e-con e-parent\" data-id=\"4cf3765\" data-element_type=\"container\" data-settings=\"{&quot;background_background&quot;:&quot;classic&quot;}\">\n\t\t<div class=\"elementor-element elementor-element-b921830 e-flex e-con-boxed e-con e-child\" data-id=\"b921830\" data-element_type=\"container\">\n\t\t\t\t\t<div class=\"e-con-inner\">\n\t\t\t\t<div class=\"elementor-element elementor-element-27e074e elementor-widget elementor-widget-heading\" data-id=\"27e074e\" data-element_type=\"widget\" data-widget_type=\"heading.default\">\n\t\t\t\t<div class=\"elementor-widget-container\">\n\t\t\t<style>\/*! elementor - v3.21.0 - 18-04-2024 *\/\n.elementor-heading-title{padding:0;margin:0;line-height:1}.elementor-widget-heading .elementor-heading-title[class*=elementor-size-]>a{color:inherit;font-size:inherit;line-height:inherit}.elementor-widget-heading .elementor-heading-title.elementor-size-small{font-size:15px}.elementor-widget-heading .elementor-heading-title.elementor-size-medium{font-size:19px}.elementor-widget-heading .elementor-heading-title.elementor-size-large{font-size:29px}.elementor-widget-heading .elementor-heading-title.elementor-size-xl{font-size:39px}.elementor-widget-heading .elementor-heading-title.elementor-size-xxl{font-size:59px}<\/style><h2 class=\"elementor-heading-title elementor-size-default\">Santuario Maria<br>SS dell'alto<\/h2>\t\t<\/div>\n\t\t\t\t<\/div>\n\t\t\t\t\t<\/div>\n\t\t\t\t<\/div>\n\t\t\t\t<\/div>\n\t\t<div class=\"elementor-element elementor-element-453b0d13 e-con-full e-flex e-con e-parent\" data-id=\"453b0d13\" data-element_type=\"container\">\n\t\t<div class=\"elementor-element elementor-element-268a47f5 e-con-full e-flex e-con e-child\" data-id=\"268a47f5\" data-element_type=\"container\">\n\t\t\t\t<div class=\"elementor-element elementor-element-54b5e6c0 animated-slow elementor-invisible elementor-widget elementor-widget-heading\" data-id=\"54b5e6c0\" data-element_type=\"widget\" data-settings=\"{&quot;_animation&quot;:&quot;slideInUp&quot;}\" data-widget_type=\"heading.default\">\n\t\t\t\t<div class=\"elementor-widget-container\">\n\t\t\t<h2 class=\"elementor-heading-title elementor-size-default\">Il Nostro<br>Progetto<\/h2>\t\t<\/div>\n\t\t\t\t<\/div>\n\t\t\t\t<div class=\"elementor-element elementor-element-1d3a99bf elementor-widget elementor-widget-text-editor\" data-id=\"1d3a99bf\" data-element_type=\"widget\" data-widget_type=\"text-editor.default\">\n\t\t\t\t<div class=\"elementor-widget-container\">\n\t\t\t<style>\/*! elementor - v3.21.0 - 18-04-2024 *\/\n.elementor-widget-text-editor.elementor-drop-cap-view-stacked .elementor-drop-cap{background-color:#69727d;color:#fff}.elementor-widget-text-editor.elementor-drop-cap-view-framed .elementor-drop-cap{color:#69727d;border:3px solid;background-color:transparent}.elementor-widget-text-editor:not(.elementor-drop-cap-view-default) .elementor-drop-cap{margin-top:8px}.elementor-widget-text-editor:not(.elementor-drop-cap-view-default) .elementor-drop-cap-letter{width:1em;height:1em}.elementor-widget-text-editor .elementor-drop-cap{float:left;text-align:center;line-height:1;font-size:50px}.elementor-widget-text-editor .elementor-drop-cap-letter{display:inline-block}<\/style>\t\t\t\t<p>PNRR<\/p>\t\t\t\t\t\t<\/div>\n\t\t\t\t<\/div>\n\t\t\t\t<div class=\"elementor-element elementor-element-ebc958b elementor-widget elementor-widget-button\" data-id=\"ebc958b\" data-element_type=\"widget\" data-widget_type=\"button.default\">\n\t\t\t\t<div class=\"elementor-widget-container\">\n\t\t\t\t\t<div class=\"elementor-button-wrapper\">\n\t\t\t<a class=\"elementor-button elementor-button-link elementor-size-sm\" href=\"https:\/\/www.santuariomadonnadellaltoalcamo.it\/index.php\/il-progetto\/\">\n\t\t\t\t\t\t<span class=\"elementor-button-content-wrapper\">\n\t\t\t\t\t\t\t\t\t<span class=\"elementor-button-text\">scopri di pi\u00f9<\/span>\n\t\t\t\t\t<\/span>\n\t\t\t\t\t<\/a>\n\t\t<\/div>\n\t\t\t\t<\/div>\n\t\t\t\t<\/div>\n\t\t\t\t<\/div>\n\t\t<div class=\"elementor-element elementor-element-f8864bb e-con-full e-flex e-con e-child\" data-id=\"f8864bb\" data-element_type=\"container\">\n\t\t\t\t<div class=\"elementor-element elementor-element-14056b18 elementor-widget elementor-widget-image\" data-id=\"14056b18\" data-element_type=\"widget\" data-widget_type=\"image.default\">\n\t\t\t\t<div class=\"elementor-widget-container\">\n\t\t\t<style>\/*! elementor - v3.21.0 - 18-04-2024 *\/\n.elementor-widget-image{text-align:center}.elementor-widget-image a{display:inline-block}.elementor-widget-image a img[src$=\".svg\"]{width:48px}.elementor-widget-image img{vertical-align:middle;display:inline-block}<\/style>\t\t\t\t\t\t\t\t\t\t<img fetchpriority=\"high\" decoding=\"async\" width=\"700\" height=\"525\" src=\"https:\/\/www.santuariomadonnadellaltoalcamo.it\/wp-content\/uploads\/2023\/07\/Madonnadellalto1.jpg\" class=\"attachment-large size-large wp-image-10\" alt=\"\" srcset=\"https:\/\/www.santuariomadonnadellaltoalcamo.it\/wp-content\/uploads\/2023\/07\/Madonnadellalto1.jpg 700w, https:\/\/www.santuariomadonnadellaltoalcamo.it\/wp-content\/uploads\/2023\/07\/Madonnadellalto1-300x225.jpg 300w\" sizes=\"(max-width: 700px) 100vw, 700px\" \/>\t\t\t\t\t\t\t\t\t\t\t\t\t<\/div>\n\t\t\t\t<\/div>\n\t\t\t\t<\/div>\n\t\t\t\t<\/div>\n\t\t<div class=\"elementor-element elementor-element-ce5b5b3 e-con-full e-flex e-con e-parent\" data-id=\"ce5b5b3\" data-element_type=\"container\">\n\t\t<div class=\"elementor-element elementor-element-38cca22 e-con-full e-flex e-con e-child\" data-id=\"38cca22\" data-element_type=\"container\" data-settings=\"{&quot;background_background&quot;:&quot;classic&quot;}\">\n\t\t<div class=\"elementor-element elementor-element-de0a9ea e-flex e-con-boxed e-con e-child\" data-id=\"de0a9ea\" data-element_type=\"container\" data-settings=\"{&quot;background_background&quot;:&quot;classic&quot;,&quot;position&quot;:&quot;absolute&quot;}\">\n\t\t\t\t\t<div class=\"e-con-inner\">\n\t\t\t\t<div class=\"elementor-element elementor-element-b27181f elementor-widget-mobile__width-auto animated-slow elementor-invisible elementor-widget elementor-widget-heading\" data-id=\"b27181f\" data-element_type=\"widget\" data-settings=\"{&quot;_animation&quot;:&quot;slideInUp&quot;,&quot;_animation_mobile&quot;:&quot;slideInRight&quot;}\" data-widget_type=\"heading.default\">\n\t\t\t\t<div class=\"elementor-widget-container\">\n\t\t\t<h2 class=\"elementor-heading-title elementor-size-default\">La Nostra Storia<\/h2>\t\t<\/div>\n\t\t\t\t<\/div>\n\t\t\t\t\t<\/div>\n\t\t\t\t<\/div>\n\t\t\t\t<\/div>\n\t\t<div class=\"elementor-element elementor-element-25f4f3a e-con-full e-flex e-con e-child\" data-id=\"25f4f3a\" data-element_type=\"container\">\n\t\t<div class=\"elementor-element elementor-element-2cadacc e-con-full e-flex e-con e-child\" data-id=\"2cadacc\" data-element_type=\"container\">\n\t\t\t\t<div class=\"elementor-element elementor-element-3a2074f elementor-widget__width-auto elementor-widget elementor-widget-text-editor\" data-id=\"3a2074f\" data-element_type=\"widget\" data-widget_type=\"text-editor.default\">\n\t\t\t\t<div class=\"elementor-widget-container\">\n\t\t\t\t\t\t\t<p>Una leggenda\u00a0del\u00a0XVI secolo narra che un&#8217;antica icona della Madonna fosse rinvenuta quasi dipinta al suolo e interrata tra le mura del castello sul Bonifato.\u00a0Poich\u00e9 un devoto voleva che si alzasse dal terreno, cominci\u00f2 a pregare la Santa Vergine affinch\u00e9 si sollevasse un poco in modo da potervi costruire un altare.\u00a0L&#8217;indomani la sacra immagine si trovava all&#8217;altezza desiderata e cos\u00ec venne subito costruito l&#8217;altare.<\/p>\t\t\t\t\t\t<\/div>\n\t\t\t\t<\/div>\n\t\t\t\t<\/div>\n\t\t\t\t<div class=\"elementor-element elementor-element-7dfbce3 elementor-widget elementor-widget-button\" data-id=\"7dfbce3\" data-element_type=\"widget\" data-widget_type=\"button.default\">\n\t\t\t\t<div class=\"elementor-widget-container\">\n\t\t\t\t\t<div class=\"elementor-button-wrapper\">\n\t\t\t<a class=\"elementor-button elementor-button-link elementor-size-sm\" href=\"https:\/\/www.santuariomadonnadellaltoalcamo.it\/index.php\/la-nostra-storia-2\/\">\n\t\t\t\t\t\t<span class=\"elementor-button-content-wrapper\">\n\t\t\t\t\t\t\t\t\t<span class=\"elementor-button-text\">scopri di pi\u00f9<\/span>\n\t\t\t\t\t<\/span>\n\t\t\t\t\t<\/a>\n\t\t<\/div>\n\t\t\t\t<\/div>\n\t\t\t\t<\/div>\n\t\t\t\t<\/div>\n\t\t\t\t<\/div>\n\t\t<div class=\"elementor-element elementor-element-488e8fe e-flex e-con-boxed e-con e-parent\" data-id=\"488e8fe\" data-element_type=\"container\">\n\t\t\t\t\t<div class=\"e-con-inner\">\n\t\t\t\t<div class=\"elementor-element elementor-element-46484451 elementor-widget__width-auto animated-slow elementor-invisible elementor-widget elementor-widget-heading\" data-id=\"46484451\" data-element_type=\"widget\" data-settings=\"{&quot;_animation&quot;:&quot;slideInUp&quot;}\" data-widget_type=\"heading.default\">\n\t\t\t\t<div class=\"elementor-widget-container\">\n\t\t\t<h2 class=\"elementor-heading-title elementor-size-default\">Prossime Attivit\u00e0<\/h2>\t\t<\/div>\n\t\t\t\t<\/div>\n\t\t\t\t\t<\/div>\n\t\t\t\t<\/div>\n\t\t<div class=\"elementor-element elementor-element-5c596120 e-flex e-con-boxed e-con e-parent\" data-id=\"5c596120\" data-element_type=\"container\">\n\t\t\t\t\t<div class=\"e-con-inner\">\n\t\t\t\t<div class=\"elementor-element elementor-element-62a6e0b2 elementor-posts__hover-none elementor-grid-3 elementor-grid-tablet-2 elementor-grid-mobile-1 elementor-posts--thumbnail-top elementor-widget elementor-widget-posts\" data-id=\"62a6e0b2\" data-element_type=\"widget\" data-settings=\"{&quot;cards_row_gap&quot;:{&quot;unit&quot;:&quot;px&quot;,&quot;size&quot;:80,&quot;sizes&quot;:[]},&quot;cards_row_gap_tablet&quot;:{&quot;unit&quot;:&quot;px&quot;,&quot;size&quot;:71,&quot;sizes&quot;:[]},&quot;cards_row_gap_mobile&quot;:{&quot;unit&quot;:&quot;px&quot;,&quot;size&quot;:30,&quot;sizes&quot;:[]},&quot;cards_columns&quot;:&quot;3&quot;,&quot;cards_columns_tablet&quot;:&quot;2&quot;,&quot;cards_columns_mobile&quot;:&quot;1&quot;}\" data-widget_type=\"posts.cards\">\n\t\t\t\t<div class=\"elementor-widget-container\">\n\t\t\t<link rel=\"stylesheet\" href=\"https:\/\/www.santuariomadonnadellaltoalcamo.it\/wp-content\/plugins\/elementor-pro\/assets\/css\/widget-posts.min.css\">\t\t<div class=\"elementor-posts-container elementor-posts elementor-posts--skin-cards elementor-grid\">\n\t\t\t\t<article class=\"elementor-post elementor-grid-item post-287 post type-post status-publish format-standard has-post-thumbnail hentry category-prossime-attivita\">\n\t\t\t<div class=\"elementor-post__card\">\n\t\t\t\t<a class=\"elementor-post__thumbnail__link\" href=\"https:\/\/www.santuariomadonnadellaltoalcamo.it\/index.php\/2023\/08\/10\/bicicliamo\/\" ><div class=\"elementor-post__thumbnail\"><img width=\"644\" height=\"910\" src=\"https:\/\/www.santuariomadonnadellaltoalcamo.it\/wp-content\/uploads\/2023\/08\/WhatsApp-Image-2023-08-10-at-16.40.06.jpeg\" class=\"attachment-full size-full wp-image-288\" alt=\"\" decoding=\"async\" srcset=\"https:\/\/www.santuariomadonnadellaltoalcamo.it\/wp-content\/uploads\/2023\/08\/WhatsApp-Image-2023-08-10-at-16.40.06.jpeg 644w, https:\/\/www.santuariomadonnadellaltoalcamo.it\/wp-content\/uploads\/2023\/08\/WhatsApp-Image-2023-08-10-at-16.40.06-212x300.jpeg 212w\" sizes=\"(max-width: 644px) 100vw, 644px\" \/><\/div><\/a>\n\t\t\t\t<div class=\"elementor-post__text\">\n\t\t\t\t<h4 class=\"elementor-post__title\">\n\t\t\t<a href=\"https:\/\/www.santuariomadonnadellaltoalcamo.it\/index.php\/2023\/08\/10\/bicicliamo\/\" >\n\t\t\t\tBicicliAmo\t\t\t<\/a>\n\t\t<\/h4>\n\t\t\t\t<div class=\"elementor-post__excerpt\">\n\t\t\t<p>Il 3 settembre 2023 in onore di Maria SS dell&#8217;Alto avr\u00e0 luogo una passeggiata in bici aperta a tutti, grandi e piccini.<\/p>\n\t\t<\/div>\n\t\t\n\t\t<a class=\"elementor-post__read-more\" href=\"https:\/\/www.santuariomadonnadellaltoalcamo.it\/index.php\/2023\/08\/10\/bicicliamo\/\" aria-label=\"Read more about BicicliAmo\" >\n\t\t\tLeggi di pi\u00f9\t\t<\/a>\n\n\t\t\t\t<\/div>\n\t\t\t\t\t<\/div>\n\t\t<\/article>\n\t\t\t\t<article class=\"elementor-post elementor-grid-item post-283 post type-post status-publish format-standard has-post-thumbnail hentry category-prossime-attivita\">\n\t\t\t<div class=\"elementor-post__card\">\n\t\t\t\t<a class=\"elementor-post__thumbnail__link\" href=\"https:\/\/www.santuariomadonnadellaltoalcamo.it\/index.php\/2023\/08\/10\/festeggiamenti-in-onore-di-maria-ss-dellalto\/\" ><div class=\"elementor-post__thumbnail\"><img width=\"999\" height=\"1439\" src=\"https:\/\/www.santuariomadonnadellaltoalcamo.it\/wp-content\/uploads\/2023\/08\/WhatsApp-Image-2023-08-10-at-16.40.06-2.jpeg\" class=\"attachment-full size-full wp-image-284\" alt=\"\" decoding=\"async\" srcset=\"https:\/\/www.santuariomadonnadellaltoalcamo.it\/wp-content\/uploads\/2023\/08\/WhatsApp-Image-2023-08-10-at-16.40.06-2.jpeg 999w, https:\/\/www.santuariomadonnadellaltoalcamo.it\/wp-content\/uploads\/2023\/08\/WhatsApp-Image-2023-08-10-at-16.40.06-2-208x300.jpeg 208w, https:\/\/www.santuariomadonnadellaltoalcamo.it\/wp-content\/uploads\/2023\/08\/WhatsApp-Image-2023-08-10-at-16.40.06-2-711x1024.jpeg 711w, https:\/\/www.santuariomadonnadellaltoalcamo.it\/wp-content\/uploads\/2023\/08\/WhatsApp-Image-2023-08-10-at-16.40.06-2-768x1106.jpeg 768w\" sizes=\"(max-width: 999px) 100vw, 999px\" \/><\/div><\/a>\n\t\t\t\t<div class=\"elementor-post__text\">\n\t\t\t\t<h4 class=\"elementor-post__title\">\n\t\t\t<a href=\"https:\/\/www.santuariomadonnadellaltoalcamo.it\/index.php\/2023\/08\/10\/festeggiamenti-in-onore-di-maria-ss-dellalto\/\" >\n\t\t\t\tFesteggiamenti in onore di Maria SS dell&#8217;alto\t\t\t<\/a>\n\t\t<\/h4>\n\t\t\t\t<div class=\"elementor-post__excerpt\">\n\t\t\t<p>Settimana mariana <\/p>\n\t\t<\/div>\n\t\t\n\t\t<a class=\"elementor-post__read-more\" href=\"https:\/\/www.santuariomadonnadellaltoalcamo.it\/index.php\/2023\/08\/10\/festeggiamenti-in-onore-di-maria-ss-dellalto\/\" aria-label=\"Read more about Festeggiamenti in onore di Maria SS dell&#8217;alto\" >\n\t\t\tLeggi di pi\u00f9\t\t<\/a>\n\n\t\t\t\t<\/div>\n\t\t\t\t\t<\/div>\n\t\t<\/article>\n\t\t\t\t<article class=\"elementor-post elementor-grid-item post-259 post type-post status-publish format-standard has-post-thumbnail hentry category-prossime-attivita\">\n\t\t\t<div class=\"elementor-post__card\">\n\t\t\t\t<a class=\"elementor-post__thumbnail__link\" href=\"https:\/\/www.santuariomadonnadellaltoalcamo.it\/index.php\/2023\/08\/10\/giornata-mariana\/\" ><div class=\"elementor-post__thumbnail\"><img loading=\"lazy\" width=\"467\" height=\"722\" src=\"https:\/\/www.santuariomadonnadellaltoalcamo.it\/wp-content\/uploads\/2023\/08\/WhatsApp-Image-2023-08-10-at-16.40.06-1.jpeg\" class=\"attachment-full size-full wp-image-260\" alt=\"\" decoding=\"async\" srcset=\"https:\/\/www.santuariomadonnadellaltoalcamo.it\/wp-content\/uploads\/2023\/08\/WhatsApp-Image-2023-08-10-at-16.40.06-1.jpeg 467w, https:\/\/www.santuariomadonnadellaltoalcamo.it\/wp-content\/uploads\/2023\/08\/WhatsApp-Image-2023-08-10-at-16.40.06-1-194x300.jpeg 194w\" sizes=\"(max-width: 467px) 100vw, 467px\" \/><\/div><\/a>\n\t\t\t\t<div class=\"elementor-post__text\">\n\t\t\t\t<h4 class=\"elementor-post__title\">\n\t\t\t<a href=\"https:\/\/www.santuariomadonnadellaltoalcamo.it\/index.php\/2023\/08\/10\/giornata-mariana\/\" >\n\t\t\t\tGiornata Mariana\t\t\t<\/a>\n\t\t<\/h4>\n\t\t\t\t<div class=\"elementor-post__excerpt\">\n\t\t\t<p>Il 27 Agosto 2023 si svolger\u00e0 il Pellegrinaggio parrocchiale presso il Santuario Maria SS dell&#8217;Alto.<\/p>\n\t\t<\/div>\n\t\t\n\t\t<a class=\"elementor-post__read-more\" href=\"https:\/\/www.santuariomadonnadellaltoalcamo.it\/index.php\/2023\/08\/10\/giornata-mariana\/\" aria-label=\"Read more about Giornata Mariana\" >\n\t\t\tLeggi di pi\u00f9\t\t<\/a>\n\n\t\t\t\t<\/div>\n\t\t\t\t\t<\/div>\n\t\t<\/article>\n\t\t\t\t<\/div>\n\t\t\n\t\t\t\t<\/div>\n\t\t\t\t<\/div>\n\t\t\t\t\t<\/div>\n\t\t\t\t<\/div>\n\t\t\t\t<\/div>\n\t\t","protected":false},"excerpt":{"rendered":"<p>Santuario Maria SS dell&#8217;alto Il Nostro Progetto PNRR scopri di pi\u00f9 La Nostra Storia Una leggenda&nbsp;del&nbsp;XVI secolo narra che un&#8217;antica icona della Madonna fosse rinvenuta quasi dipinta al suolo e interrata tra le mura del castello sul Bonifato.&nbsp;Poich\u00e9 un devoto voleva che si alzasse dal terreno, cominci\u00f2 a pregare la Santa Vergine affinch\u00e9 si sollevasse [&hellip;]<\/p>\n","protected":false},"author":1,"featured_media":0,"parent":0,"menu_order":0,"comment_status":"closed","ping_status":"closed","template":"","meta":[],"_links":{"self":[{"href":"https:\/\/www.santuariomadonnadellaltoalcamo.it\/index.php\/wp-json\/wp\/v2\/pages\/85"}],"collection":[{"href":"https:\/\/www.santuariomadonnadellaltoalcamo.it\/index.php\/wp-json\/wp\/v2\/pages"}],"about":[{"href":"https:\/\/www.santuariomadonnadellaltoalcamo.it\/index.php\/wp-json\/wp\/v2\/types\/page"}],"author":[{"embeddable":true,"href":"https:\/\/www.santuariomadonnadellaltoalcamo.it\/index.php\/wp-json\/wp\/v2\/users\/1"}],"replies":[{"embeddable":true,"href":"https:\/\/www.santuariomadonnadellaltoalcamo.it\/index.php\/wp-json\/wp\/v2\/comments?post=85"}],"version-history":[{"count":41,"href":"https:\/\/www.santuariomadonnadellaltoalcamo.it\/index.php\/wp-json\/wp\/v2\/pages\/85\/revisions"}],"predecessor-version":[{"id":352,"href":"https:\/\/www.santuariomadonnadellaltoalcamo.it\/index.php\/wp-json\/wp\/v2\/pages\/85\/revisions\/352"}],"wp:attachment":[{"href":"https:\/\/www.santuariomadonnadellaltoalcamo.it\/index.php\/wp-json\/wp\/v2\/media?parent=85"}],"curies":[{"name":"wp","href":"https:\/\/api.w.org\/{rel}","templated":true}]}}