{"id":124,"date":"2023-08-10T19:24:14","date_gmt":"2023-08-10T17:24:14","guid":{"rendered":"https:\/\/www.santuariomadonnadellaltoalcamo.it\/?page_id=124"},"modified":"2026-04-29T16:49:42","modified_gmt":"2026-04-29T14:49:42","slug":"la-nostra-storia-2","status":"publish","type":"page","link":"https:\/\/www.santuariomadonnadellaltoalcamo.it\/index.php\/la-nostra-storia-2\/","title":{"rendered":"La Nostra Storia"},"content":{"rendered":"\t\t<div data-elementor-type=\"wp-page\" data-elementor-id=\"124\" class=\"elementor elementor-124\" data-elementor-post-type=\"page\">\n\t\t\t\t<div class=\"elementor-element elementor-element-1d6c06f e-con-full e-flex e-con e-parent\" data-id=\"1d6c06f\" data-element_type=\"container\">\n\t\t<div class=\"elementor-element elementor-element-0fc1f76 e-con-full e-flex e-con e-child\" data-id=\"0fc1f76\" data-element_type=\"container\">\n\t\t<div class=\"elementor-element elementor-element-993e55c e-con-full e-flex e-con e-child\" data-id=\"993e55c\" data-element_type=\"container\">\n\t\t\t\t<div class=\"elementor-element elementor-element-ecc0a69 elementor-widget elementor-widget-heading\" data-id=\"ecc0a69\" data-element_type=\"widget\" data-widget_type=\"heading.default\">\n\t\t\t\t<div class=\"elementor-widget-container\">\n\t\t\t<style>\/*! elementor - v3.21.0 - 18-04-2024 *\/\n.elementor-heading-title{padding:0;margin:0;line-height:1}.elementor-widget-heading .elementor-heading-title[class*=elementor-size-]>a{color:inherit;font-size:inherit;line-height:inherit}.elementor-widget-heading .elementor-heading-title.elementor-size-small{font-size:15px}.elementor-widget-heading .elementor-heading-title.elementor-size-medium{font-size:19px}.elementor-widget-heading .elementor-heading-title.elementor-size-large{font-size:29px}.elementor-widget-heading .elementor-heading-title.elementor-size-xl{font-size:39px}.elementor-widget-heading .elementor-heading-title.elementor-size-xxl{font-size:59px}<\/style><h2 class=\"elementor-heading-title elementor-size-default\">La Nostra Storia<\/h2>\t\t<\/div>\n\t\t\t\t<\/div>\n\t\t\t\t<div class=\"elementor-element elementor-element-e271790 elementor-widget elementor-widget-text-editor\" data-id=\"e271790\" data-element_type=\"widget\" data-widget_type=\"text-editor.default\">\n\t\t\t\t<div class=\"elementor-widget-container\">\n\t\t\t<style>\/*! elementor - v3.21.0 - 18-04-2024 *\/\n.elementor-widget-text-editor.elementor-drop-cap-view-stacked .elementor-drop-cap{background-color:#69727d;color:#fff}.elementor-widget-text-editor.elementor-drop-cap-view-framed .elementor-drop-cap{color:#69727d;border:3px solid;background-color:transparent}.elementor-widget-text-editor:not(.elementor-drop-cap-view-default) .elementor-drop-cap{margin-top:8px}.elementor-widget-text-editor:not(.elementor-drop-cap-view-default) .elementor-drop-cap-letter{width:1em;height:1em}.elementor-widget-text-editor .elementor-drop-cap{float:left;text-align:center;line-height:1;font-size:50px}.elementor-widget-text-editor .elementor-drop-cap-letter{display:inline-block}<\/style>\t\t\t\t<p>Una leggenda\u00a0del\u00a0XVI secolo narra che un&#8217;<strong>antica\u00a0\u00a0icona della Madonna fosse rinvenuta<\/strong>\u00a0quasi dipinta al suolo e interrata tra le mura del castello\u00a0<strong>sul Bonifato<\/strong>.\u00a0Poich\u00e9 un devoto voleva che si alzasse dal terreno, cominci\u00f2 a pregare la Santa Vergine affinch\u00e9 si sollevasse un poco in modo da potervi costruire un altare.\u00a0L&#8217;indomani la sacra immagine si trovava all&#8217;altezza desiderata e cos\u00ec venne subito costruito l&#8217;altare.<br \/><br \/><strong>Il primo documento<\/strong>\u00a0in cui viene citata una chiesa sul Monte Bonifato, fondata da tre frati carmelitani,\u00a0<strong>risale al 1558<\/strong>\u00a0in un atto del notaio P.A. Balduccio.\u00a0Dopo la scoperta dell\u2019icona miracolosa, il monte Bonifato cominci\u00f2 a essere meta di pellegrinaggi\u00a0i quali aiutarono i tre frati a costruire o, ancora meglio, a \u201cricostruire\u201d nello stesso luogo dell&#8217;avvenuto rinvenimento, la chiesa della Madonna dell\u2019Alto.<br \/><br \/>L\u2019edificio era lungo circa 17 metri e largo circa 7 metri, c\u200bon l\u2019entrata verso est e con il\u00a0campanile sopra di essa. All\u2019interno vi erano due altari: uno rivolto verso l\u2019ingresso, con l\u2019immagine di Ges\u00f9 Cristo\u00a0e l\u2019altro verso sud, con l\u2019icona di \u201cNostra Signora dell\u2019Alto\u201d.\u00a0<\/p>\t\t\t\t\t\t<\/div>\n\t\t\t\t<\/div>\n\t\t\t\t<\/div>\n\t\t<div class=\"elementor-element elementor-element-3ddb8c1 e-con-full e-flex e-con e-child\" data-id=\"3ddb8c1\" data-element_type=\"container\">\n\t\t\t\t<div class=\"elementor-element elementor-element-ac5d1d3 elementor-widget elementor-widget-image\" data-id=\"ac5d1d3\" data-element_type=\"widget\" data-widget_type=\"image.default\">\n\t\t\t\t<div class=\"elementor-widget-container\">\n\t\t\t<style>\/*! elementor - v3.21.0 - 18-04-2024 *\/\n.elementor-widget-image{text-align:center}.elementor-widget-image a{display:inline-block}.elementor-widget-image a img[src$=\".svg\"]{width:48px}.elementor-widget-image img{vertical-align:middle;display:inline-block}<\/style>\t\t\t\t\t\t\t\t\t\t<img fetchpriority=\"high\" decoding=\"async\" width=\"310\" height=\"188\" src=\"https:\/\/www.santuariomadonnadellaltoalcamo.it\/wp-content\/uploads\/2023\/07\/Processione_di_Santa_Maria_dellAlto.jpeg\" class=\"attachment-large size-large wp-image-11\" alt=\"\" srcset=\"https:\/\/www.santuariomadonnadellaltoalcamo.it\/wp-content\/uploads\/2023\/07\/Processione_di_Santa_Maria_dellAlto.jpeg 310w, https:\/\/www.santuariomadonnadellaltoalcamo.it\/wp-content\/uploads\/2023\/07\/Processione_di_Santa_Maria_dellAlto-300x182.jpeg 300w\" sizes=\"(max-width: 310px) 100vw, 310px\" \/>\t\t\t\t\t\t\t\t\t\t\t\t\t<\/div>\n\t\t\t\t<\/div>\n\t\t\t\t<\/div>\n\t\t\t\t<\/div>\n\t\t<div class=\"elementor-element elementor-element-5daedc4 e-con-full e-flex e-con e-child\" data-id=\"5daedc4\" data-element_type=\"container\">\n\t\t<div class=\"elementor-element elementor-element-19f9b16 e-con-full e-flex e-con e-child\" data-id=\"19f9b16\" data-element_type=\"container\">\n\t\t\t\t<div class=\"elementor-element elementor-element-4fee6dd elementor-widget elementor-widget-video\" data-id=\"4fee6dd\" data-element_type=\"widget\" data-settings=\"{&quot;youtube_url&quot;:&quot;https:\\\/\\\/youtu.be\\\/LaiLUPKBW6E?is=pHMN8GiEE0uTHnf5&quot;,&quot;autoplay&quot;:&quot;yes&quot;,&quot;video_type&quot;:&quot;youtube&quot;}\" data-widget_type=\"video.default\">\n\t\t\t\t<div class=\"elementor-widget-container\">\n\t\t\t<style>\/*! elementor - v3.21.0 - 18-04-2024 *\/\n.elementor-widget-video .elementor-widget-container{overflow:hidden;transform:translateZ(0)}.elementor-widget-video .elementor-wrapper{aspect-ratio:var(--video-aspect-ratio)}.elementor-widget-video .elementor-wrapper iframe,.elementor-widget-video .elementor-wrapper video{height:100%;width:100%;display:flex;border:none;background-color:#000}@supports not (aspect-ratio:1\/1){.elementor-widget-video .elementor-wrapper{position:relative;overflow:hidden;height:0;padding-bottom:calc(100% \/ var(--video-aspect-ratio))}.elementor-widget-video .elementor-wrapper iframe,.elementor-widget-video .elementor-wrapper video{position:absolute;top:0;right:0;bottom:0;left:0}}.elementor-widget-video .elementor-open-inline .elementor-custom-embed-image-overlay{position:absolute;top:0;right:0;bottom:0;left:0;background-size:cover;background-position:50%}.elementor-widget-video .elementor-custom-embed-image-overlay{cursor:pointer;text-align:center}.elementor-widget-video .elementor-custom-embed-image-overlay:hover .elementor-custom-embed-play i{opacity:1}.elementor-widget-video .elementor-custom-embed-image-overlay img{display:block;width:100%;aspect-ratio:var(--video-aspect-ratio);-o-object-fit:cover;object-fit:cover;-o-object-position:center center;object-position:center center}@supports not (aspect-ratio:1\/1){.elementor-widget-video .elementor-custom-embed-image-overlay{position:relative;overflow:hidden;height:0;padding-bottom:calc(100% \/ var(--video-aspect-ratio))}.elementor-widget-video .elementor-custom-embed-image-overlay img{position:absolute;top:0;right:0;bottom:0;left:0}}.elementor-widget-video .e-hosted-video .elementor-video{-o-object-fit:cover;object-fit:cover}.e-con-inner>.elementor-widget-video,.e-con>.elementor-widget-video{width:var(--container-widget-width);--flex-grow:var(--container-widget-flex-grow)}<\/style>\t\t<div class=\"elementor-wrapper elementor-open-inline\">\n\t\t\t<div class=\"elementor-video\"><\/div>\t\t<\/div>\n\t\t\t\t<\/div>\n\t\t\t\t<\/div>\n\t\t\t\t<\/div>\n\t\t<div class=\"elementor-element elementor-element-7ba45f4 e-con-full e-flex e-con e-child\" data-id=\"7ba45f4\" data-element_type=\"container\">\n\t\t\t\t<div class=\"elementor-element elementor-element-056a3ba elementor-widget elementor-widget-text-editor\" data-id=\"056a3ba\" data-element_type=\"widget\" data-widget_type=\"text-editor.default\">\n\t\t\t\t<div class=\"elementor-widget-container\">\n\t\t\t\t\t\t\t<p><strong>Nel 1583 la chiesa gi\u00e0 si trovava in uno stato d&#8217;abbandono.<\/strong><br \/>Fu in seguito autorizzata, dopo un miracolo, l&#8217;istituzione della congregazione di Santa Maria dell&#8217;Alto composta da nobili, sacerdoti e popolani, i quali si impegnarono immediatamente per restaurare la chiesa, regolata da uno statuto\u00a0approvato nel 1646 dal vescovo di Mazara del Vallo. I componenti della congregazione si riunivano il venerd\u00ec e si recavano al santuario per venerare la sacra immagine.\u00a0Il sabato, dedicato al culto della Vergine Maria, si confessavano, prendevano la comunione e tornavano in citt\u00e0.\u00a0<br \/><strong>Nel 1930<\/strong>, grazie all&#8217;iniziativa del sacerdote Paolo Amato\u00a0<strong>fu istituita una &#8220;Commissione per la chiesa di Maria Santissima dell&#8217;Alto&#8221;, poi diventata Congregazione<\/strong>\u00a0che attualmente \u00e8 attiva; secondo lo Statuto gli scopi erano i seguenti:<\/p><ul><li>collaborare\u00a0\u00a0nelle\u00a0<b>opere di culto<\/b>\u00a0in chiesa;<\/li><li>collaborare nella\u00a0<b>manutenzione<\/b>\u00a0dell&#8217;edificio, dei locali attigui e della strada che porta alla chiesa;<\/li><li>celebrare la festa della\u00a0<b>Nativit\u00e0 di<\/b> <b>Maria Vergine\u00a0l&#8217;8 Settembre<\/b>\u00a0di ogni anno, con la solennit\u00e0 concessa dalla situazione di cassa e dalle offerte fatte dai fedeli;<\/li><li><b>partecipare ai sacramenti<\/b> la domenica e per le festivit\u00e0 di Nostro Signore Ges\u00f9 Cristo e della Beata Vergine Maria, alla Via Crucis\u00a0sulla via che conduce al santuario, i sette sabati antecedenti la festa della Nativit\u00e0 di Maria Vergine;<\/li><li>a coronamento della festa sar\u00e0\u00a0effettuata\u00a0<b>la processione\u00a0con il simulacro della Madonna.<\/b><\/li><\/ul>\t\t\t\t\t\t<\/div>\n\t\t\t\t<\/div>\n\t\t\t\t<\/div>\n\t\t\t\t<\/div>\n\t\t\t\t<\/div>\n\t\t\t\t<\/div>\n\t\t","protected":false},"excerpt":{"rendered":"<p>La Nostra Storia Una leggenda\u00a0del\u00a0XVI secolo narra che un&#8217;antica\u00a0\u00a0icona della Madonna fosse rinvenuta\u00a0quasi dipinta al suolo e interrata tra le mura del castello\u00a0sul Bonifato.\u00a0Poich\u00e9 un devoto voleva che si alzasse dal terreno, cominci\u00f2 a pregare la Santa Vergine affinch\u00e9 si sollevasse un poco in modo da potervi costruire un altare.\u00a0L&#8217;indomani la sacra immagine si trovava [&hellip;]<\/p>\n","protected":false},"author":1,"featured_media":0,"parent":0,"menu_order":0,"comment_status":"closed","ping_status":"closed","template":"","meta":[],"_links":{"self":[{"href":"https:\/\/www.santuariomadonnadellaltoalcamo.it\/index.php\/wp-json\/wp\/v2\/pages\/124"}],"collection":[{"href":"https:\/\/www.santuariomadonnadellaltoalcamo.it\/index.php\/wp-json\/wp\/v2\/pages"}],"about":[{"href":"https:\/\/www.santuariomadonnadellaltoalcamo.it\/index.php\/wp-json\/wp\/v2\/types\/page"}],"author":[{"embeddable":true,"href":"https:\/\/www.santuariomadonnadellaltoalcamo.it\/index.php\/wp-json\/wp\/v2\/users\/1"}],"replies":[{"embeddable":true,"href":"https:\/\/www.santuariomadonnadellaltoalcamo.it\/index.php\/wp-json\/wp\/v2\/comments?post=124"}],"version-history":[{"count":11,"href":"https:\/\/www.santuariomadonnadellaltoalcamo.it\/index.php\/wp-json\/wp\/v2\/pages\/124\/revisions"}],"predecessor-version":[{"id":370,"href":"https:\/\/www.santuariomadonnadellaltoalcamo.it\/index.php\/wp-json\/wp\/v2\/pages\/124\/revisions\/370"}],"wp:attachment":[{"href":"https:\/\/www.santuariomadonnadellaltoalcamo.it\/index.php\/wp-json\/wp\/v2\/media?parent=124"}],"curies":[{"name":"wp","href":"https:\/\/api.w.org\/{rel}","templated":true}]}}